{"id":14,"date":"2025-06-04T10:21:06","date_gmt":"2025-06-04T10:21:06","guid":{"rendered":"https:\/\/expresswall.hu\/?page_id=14"},"modified":"2025-06-04T10:21:45","modified_gmt":"2025-06-04T10:21:45","slug":"home","status":"publish","type":"page","link":"https:\/\/expresswall.hu\/","title":{"rendered":"Home"},"content":{"rendered":"\t\t<div data-elementor-type=\"wp-page\" data-elementor-id=\"14\" class=\"elementor elementor-14\" data-elementor-post-type=\"page\">\n\t\t\t\t<div class=\"elementor-element elementor-element-23c0bf82 e-flex e-con-boxed e-con e-parent\" data-id=\"23c0bf82\" data-element_type=\"container\">\n\t\t\t\t\t<div class=\"e-con-inner\">\n\t\t\t\t<div class=\"elementor-element elementor-element-2550d1c8 elementor-widget elementor-widget-tp-scroll-sequence\" data-id=\"2550d1c8\" data-element_type=\"widget\" id=\"title\" data-widget_type=\"tp-scroll-sequence.default\">\n\t\t\t\t<div class=\"elementor-widget-container\">\n\t\t\t\t\t<div class=\"tp-scroll-sequence tp-widget-tp-scs69e223d2af196\" data-attr=\"{&quot;widget_id&quot;:&quot;2550d1c8&quot;,&quot;imgGellary&quot;:[&quot;https:\\\/\\\/expresswall.hu\\\/wp-content\\\/uploads\\\/2025\\\/06\\\/scene00001.jpg&quot;,&quot;https:\\\/\\\/expresswall.hu\\\/wp-content\\\/uploads\\\/2025\\\/06\\\/scene00004.jpg&quot;,&quot;https:\\\/\\\/expresswall.hu\\\/wp-content\\\/uploads\\\/2025\\\/06\\\/scene00007.jpg&quot;,&quot;https:\\\/\\\/expresswall.hu\\\/wp-content\\\/uploads\\\/2025\\\/06\\\/scene00010.jpg&quot;,&quot;https:\\\/\\\/expresswall.hu\\\/wp-content\\\/uploads\\\/2025\\\/06\\\/scene00013.jpg&quot;,&quot;https:\\\/\\\/expresswall.hu\\\/wp-content\\\/uploads\\\/2025\\\/06\\\/scene00016.jpg&quot;,&quot;https:\\\/\\\/expresswall.hu\\\/wp-content\\\/uploads\\\/2025\\\/06\\\/scene00019.jpg&quot;,&quot;https:\\\/\\\/expresswall.hu\\\/wp-content\\\/uploads\\\/2025\\\/06\\\/scene00022.jpg&quot;,&quot;https:\\\/\\\/expresswall.hu\\\/wp-content\\\/uploads\\\/2025\\\/06\\\/scene00025.jpg&quot;,&quot;https:\\\/\\\/expresswall.hu\\\/wp-content\\\/uploads\\\/2025\\\/06\\\/scene00028.jpg&quot;,&quot;https:\\\/\\\/expresswall.hu\\\/wp-content\\\/uploads\\\/2025\\\/06\\\/scene00031.jpg&quot;,&quot;https:\\\/\\\/expresswall.hu\\\/wp-content\\\/uploads\\\/2025\\\/06\\\/scene00034.jpg&quot;,&quot;https:\\\/\\\/expresswall.hu\\\/wp-content\\\/uploads\\\/2025\\\/06\\\/scene00037.jpg&quot;,&quot;https:\\\/\\\/expresswall.hu\\\/wp-content\\\/uploads\\\/2025\\\/06\\\/scene00040.jpg&quot;,&quot;https:\\\/\\\/expresswall.hu\\\/wp-content\\\/uploads\\\/2025\\\/06\\\/scene00043.jpg&quot;,&quot;https:\\\/\\\/expresswall.hu\\\/wp-content\\\/uploads\\\/2025\\\/06\\\/scene00046.jpg&quot;,&quot;https:\\\/\\\/expresswall.hu\\\/wp-content\\\/uploads\\\/2025\\\/06\\\/scene00049.jpg&quot;,&quot;https:\\\/\\\/expresswall.hu\\\/wp-content\\\/uploads\\\/2025\\\/06\\\/scene00052.jpg&quot;,&quot;https:\\\/\\\/expresswall.hu\\\/wp-content\\\/uploads\\\/2025\\\/06\\\/scene00055.jpg&quot;,&quot;https:\\\/\\\/expresswall.hu\\\/wp-content\\\/uploads\\\/2025\\\/06\\\/scene00058.jpg&quot;,&quot;https:\\\/\\\/expresswall.hu\\\/wp-content\\\/uploads\\\/2025\\\/06\\\/scene00061.jpg&quot;,&quot;https:\\\/\\\/expresswall.hu\\\/wp-content\\\/uploads\\\/2025\\\/06\\\/scene00064.jpg&quot;,&quot;https:\\\/\\\/expresswall.hu\\\/wp-content\\\/uploads\\\/2025\\\/06\\\/scene00067.jpg&quot;,&quot;https:\\\/\\\/expresswall.hu\\\/wp-content\\\/uploads\\\/2025\\\/06\\\/scene00070.jpg&quot;,&quot;https:\\\/\\\/expresswall.hu\\\/wp-content\\\/uploads\\\/2025\\\/06\\\/scene00073.jpg&quot;,&quot;https:\\\/\\\/expresswall.hu\\\/wp-content\\\/uploads\\\/2025\\\/06\\\/scene00076.jpg&quot;,&quot;https:\\\/\\\/expresswall.hu\\\/wp-content\\\/uploads\\\/2025\\\/06\\\/scene00079.jpg&quot;,&quot;https:\\\/\\\/expresswall.hu\\\/wp-content\\\/uploads\\\/2025\\\/06\\\/scene00082.jpg&quot;,&quot;https:\\\/\\\/expresswall.hu\\\/wp-content\\\/uploads\\\/2025\\\/06\\\/scene00085.jpg&quot;,&quot;https:\\\/\\\/expresswall.hu\\\/wp-content\\\/uploads\\\/2025\\\/06\\\/scene00088.jpg&quot;,&quot;https:\\\/\\\/expresswall.hu\\\/wp-content\\\/uploads\\\/2025\\\/06\\\/scene00091.jpg&quot;,&quot;https:\\\/\\\/expresswall.hu\\\/wp-content\\\/uploads\\\/2025\\\/06\\\/scene00094.jpg&quot;,&quot;https:\\\/\\\/expresswall.hu\\\/wp-content\\\/uploads\\\/2025\\\/06\\\/scene00097.jpg&quot;,&quot;https:\\\/\\\/expresswall.hu\\\/wp-content\\\/uploads\\\/2025\\\/06\\\/scene00100.jpg&quot;,&quot;https:\\\/\\\/expresswall.hu\\\/wp-content\\\/uploads\\\/2025\\\/06\\\/scene00103.jpg&quot;,&quot;https:\\\/\\\/expresswall.hu\\\/wp-content\\\/uploads\\\/2025\\\/06\\\/scene00106.jpg&quot;,&quot;https:\\\/\\\/expresswall.hu\\\/wp-content\\\/uploads\\\/2025\\\/06\\\/scene00109.jpg&quot;,&quot;https:\\\/\\\/expresswall.hu\\\/wp-content\\\/uploads\\\/2025\\\/06\\\/scene00112.jpg&quot;,&quot;https:\\\/\\\/expresswall.hu\\\/wp-content\\\/uploads\\\/2025\\\/06\\\/scene00115.jpg&quot;,&quot;https:\\\/\\\/expresswall.hu\\\/wp-content\\\/uploads\\\/2025\\\/06\\\/scene00118.jpg&quot;,&quot;https:\\\/\\\/expresswall.hu\\\/wp-content\\\/uploads\\\/2025\\\/06\\\/scene00121.jpg&quot;,&quot;https:\\\/\\\/expresswall.hu\\\/wp-content\\\/uploads\\\/2025\\\/06\\\/scene00124.jpg&quot;,&quot;https:\\\/\\\/expresswall.hu\\\/wp-content\\\/uploads\\\/2025\\\/06\\\/scene00127.jpg&quot;,&quot;https:\\\/\\\/expresswall.hu\\\/wp-content\\\/uploads\\\/2025\\\/06\\\/scene00130.jpg&quot;,&quot;https:\\\/\\\/expresswall.hu\\\/wp-content\\\/uploads\\\/2025\\\/06\\\/scene00133.jpg&quot;,&quot;https:\\\/\\\/expresswall.hu\\\/wp-content\\\/uploads\\\/2025\\\/06\\\/scene00136.jpg&quot;,&quot;https:\\\/\\\/expresswall.hu\\\/wp-content\\\/uploads\\\/2025\\\/06\\\/scene00139.jpg&quot;,&quot;https:\\\/\\\/expresswall.hu\\\/wp-content\\\/uploads\\\/2025\\\/06\\\/scene00142.jpg&quot;,&quot;https:\\\/\\\/expresswall.hu\\\/wp-content\\\/uploads\\\/2025\\\/06\\\/scene00145.jpg&quot;,&quot;https:\\\/\\\/expresswall.hu\\\/wp-content\\\/uploads\\\/2025\\\/06\\\/scene00148.jpg&quot;,&quot;https:\\\/\\\/expresswall.hu\\\/wp-content\\\/uploads\\\/2025\\\/06\\\/scene00151.jpg&quot;,&quot;https:\\\/\\\/expresswall.hu\\\/wp-content\\\/uploads\\\/2025\\\/06\\\/scene00154.jpg&quot;,&quot;https:\\\/\\\/expresswall.hu\\\/wp-content\\\/uploads\\\/2025\\\/06\\\/scene00157.jpg&quot;,&quot;https:\\\/\\\/expresswall.hu\\\/wp-content\\\/uploads\\\/2025\\\/06\\\/scene00160.jpg&quot;,&quot;https:\\\/\\\/expresswall.hu\\\/wp-content\\\/uploads\\\/2025\\\/06\\\/scene00163.jpg&quot;,&quot;https:\\\/\\\/expresswall.hu\\\/wp-content\\\/uploads\\\/2025\\\/06\\\/scene00166.jpg&quot;,&quot;https:\\\/\\\/expresswall.hu\\\/wp-content\\\/uploads\\\/2025\\\/06\\\/scene00169.jpg&quot;,&quot;https:\\\/\\\/expresswall.hu\\\/wp-content\\\/uploads\\\/2025\\\/06\\\/scene00172.jpg&quot;,&quot;https:\\\/\\\/expresswall.hu\\\/wp-content\\\/uploads\\\/2025\\\/06\\\/scene00175.jpg&quot;,&quot;https:\\\/\\\/expresswall.hu\\\/wp-content\\\/uploads\\\/2025\\\/06\\\/scene00178.jpg&quot;,&quot;https:\\\/\\\/expresswall.hu\\\/wp-content\\\/uploads\\\/2025\\\/06\\\/scene00181.jpg&quot;],&quot;applyto&quot;:&quot;default&quot;,&quot;imgUpdType&quot;:&quot;gallery&quot;,&quot;preloadImg&quot;:&quot;20&quot;,&quot;startOffset&quot;:&quot;0&quot;,&quot;endOffset&quot;:&quot;0&quot;,&quot;stickySec&quot;:&quot;yes&quot;,&quot;seclist&quot;:[{&quot;_id&quot;:&quot;d8bcbb7&quot;,&quot;sectionId&quot;:&quot;&quot;,&quot;secStart&quot;:&quot;&quot;,&quot;secEnd&quot;:&quot;&quot;,&quot;offsetop&quot;:{&quot;unit&quot;:&quot;%&quot;,&quot;size&quot;:&quot;5&quot;,&quot;sizes&quot;:[]},&quot;secAnimationstart&quot;:&quot;none&quot;,&quot;secAnimationend&quot;:&quot;none&quot;}]}\"><\/div>\t\t\t\t<\/div>\n\t\t\t\t<\/div>\n\t\t<div class=\"elementor-element elementor-element-1cce4136 e-con-full e-flex e-con e-child\" data-id=\"1cce4136\" data-element_type=\"container\" data-settings=\"{&quot;sticky&quot;:&quot;top&quot;,&quot;sticky_parent&quot;:&quot;yes&quot;,&quot;sticky_on&quot;:[&quot;desktop&quot;,&quot;tablet&quot;,&quot;mobile&quot;],&quot;sticky_offset&quot;:0,&quot;sticky_effects_offset&quot;:0,&quot;sticky_anchor_link_offset&quot;:0}\">\n\t\t\t\t<div class=\"elementor-element elementor-element-29d0865a fade-title elementor-invisible elementor-widget elementor-widget-heading\" data-id=\"29d0865a\" data-element_type=\"widget\" id=\"fade-title\" data-settings=\"{&quot;_animation&quot;:&quot;fadeIn&quot;,&quot;_animation_delay&quot;:2000}\" data-widget_type=\"heading.default\">\n\t\t\t\t<div class=\"elementor-widget-container\">\n\t\t\t\t\t<h2 class=\"elementor-heading-title elementor-size-default\">EXPRESSWALL<\/h2>\t\t\t\t<\/div>\n\t\t\t\t<\/div>\n\t\t\t\t<div class=\"elementor-element elementor-element-46457d1d elementor-invisible elementor-widget elementor-widget-text-editor\" data-id=\"46457d1d\" data-element_type=\"widget\" data-settings=\"{&quot;_animation&quot;:&quot;fadeIn&quot;,&quot;_animation_delay&quot;:2000}\" data-widget_type=\"text-editor.default\">\n\t\t\t\t<div class=\"elementor-widget-container\">\n\t\t\t\t\t\t\t\t\tMi\u00e9rt b\u00edzn\u00e1d amat\u0151rre? <br>A Mona Lis\u00e1t sem a szomsz\u00e9d festette!\t\t\t\t\t\t\t\t<\/div>\n\t\t\t\t<\/div>\n\t\t\t\t<\/div>\n\t\t\t\t\t<\/div>\n\t\t\t\t<\/div>\n\t\t<div class=\"elementor-element elementor-element-756d5a8d e-flex e-con-boxed e-con e-parent\" data-id=\"756d5a8d\" data-element_type=\"container\" data-settings=\"{&quot;background_background&quot;:&quot;classic&quot;}\">\n\t\t\t\t\t<div class=\"e-con-inner\">\n\t\t\t\t<div class=\"elementor-element elementor-element-11ae49fb elementor-widget elementor-widget-heading\" data-id=\"11ae49fb\" data-element_type=\"widget\" data-widget_type=\"heading.default\">\n\t\t\t\t<div class=\"elementor-widget-container\">\n\t\t\t\t\t<h2 class=\"elementor-heading-title elementor-size-default\">section 2<\/h2>\t\t\t\t<\/div>\n\t\t\t\t<\/div>\n\t\t\t\t\t<\/div>\n\t\t\t\t<\/div>\n\t\t<div class=\"elementor-element elementor-element-6bcc2df6 e-flex e-con-boxed e-con e-parent\" data-id=\"6bcc2df6\" data-element_type=\"container\" data-settings=\"{&quot;background_background&quot;:&quot;classic&quot;}\">\n\t\t\t\t\t<div class=\"e-con-inner\">\n\t\t\t\t<div class=\"elementor-element elementor-element-75485e18 elementor-widget elementor-widget-heading\" data-id=\"75485e18\" data-element_type=\"widget\" data-widget_type=\"heading.default\">\n\t\t\t\t<div class=\"elementor-widget-container\">\n\t\t\t\t\t<h2 class=\"elementor-heading-title elementor-size-default\">section 3<\/h2>\t\t\t\t<\/div>\n\t\t\t\t<\/div>\n\t\t\t\t\t<\/div>\n\t\t\t\t<\/div>\n\t\t\t\t<\/div>\n\t\t","protected":false},"excerpt":{"rendered":"<p>EXPRESSWALL Mi\u00e9rt b\u00edzn\u00e1d amat\u0151rre? A Mona Lis\u00e1t sem a szomsz\u00e9d festette! section 2 section 3<\/p>\n","protected":false},"author":1,"featured_media":0,"parent":0,"menu_order":0,"comment_status":"closed","ping_status":"closed","template":"elementor_canvas","meta":{"footnotes":""},"class_list":["post-14","page","type-page","status-publish","hentry"],"_links":{"self":[{"href":"https:\/\/expresswall.hu\/index.php?rest_route=\/wp\/v2\/pages\/14","targetHints":{"allow":["GET"]}}],"collection":[{"href":"https:\/\/expresswall.hu\/index.php?rest_route=\/wp\/v2\/pages"}],"about":[{"href":"https:\/\/expresswall.hu\/index.php?rest_route=\/wp\/v2\/types\/page"}],"author":[{"embeddable":true,"href":"https:\/\/expresswall.hu\/index.php?rest_route=\/wp\/v2\/users\/1"}],"replies":[{"embeddable":true,"href":"https:\/\/expresswall.hu\/index.php?rest_route=%2Fwp%2Fv2%2Fcomments&post=14"}],"version-history":[{"count":4,"href":"https:\/\/expresswall.hu\/index.php?rest_route=\/wp\/v2\/pages\/14\/revisions"}],"predecessor-version":[{"id":81,"href":"https:\/\/expresswall.hu\/index.php?rest_route=\/wp\/v2\/pages\/14\/revisions\/81"}],"wp:attachment":[{"href":"https:\/\/expresswall.hu\/index.php?rest_route=%2Fwp%2Fv2%2Fmedia&parent=14"}],"curies":[{"name":"wp","href":"https:\/\/api.w.org\/{rel}","templated":true}]}}